{"id":3180,"date":"2025-07-29T17:19:05","date_gmt":"2025-07-29T17:19:05","guid":{"rendered":"https:\/\/staging.noomad.global\/maramores\/?page_id=3180"},"modified":"2026-01-12T10:10:35","modified_gmt":"2026-01-12T13:10:35","slug":"favoritos","status":"publish","type":"page","link":"https:\/\/staging.noomad.global\/maramores\/favoritos\/","title":{"rendered":"Favoritos"},"content":{"rendered":"\t\t<div data-elementor-type=\"wp-page\" data-elementor-id=\"3180\" class=\"elementor elementor-3180\" data-elementor-post-type=\"page\">\n\t\t\t\t<div class=\"elementor-element elementor-element-d278db4 e-flex e-con-boxed e-con e-parent\" data-id=\"d278db4\" data-element_type=\"container\">\n\t\t\t\t\t<div class=\"e-con-inner\">\n\t\t<div class=\"elementor-element elementor-element-bcb881f e-con-full elementor-hidden-mobile e-flex e-con e-child\" data-id=\"bcb881f\" data-element_type=\"container\">\n\t\t\t\t<\/div>\n\t\t<div class=\"elementor-element elementor-element-df5d5ea e-con-full e-flex e-con e-child\" data-id=\"df5d5ea\" data-element_type=\"container\">\n\t\t\t\t<div class=\"elementor-element elementor-element-27149c7 elementor-widget elementor-widget-heading\" data-id=\"27149c7\" data-element_type=\"widget\" data-widget_type=\"heading.default\">\n\t\t\t\t\t<h2 class=\"elementor-heading-title elementor-size-default\">Favoritos<\/h2>\t\t\t\t<\/div>\n\t\t<div class=\"elementor-element elementor-element-e65fbf6 e-con-full e-flex e-con e-child\" data-id=\"e65fbf6\" data-element_type=\"container\">\n\t\t\t\t<div class=\"elementor-element elementor-element-93d46fa elementor-align-center elementor-hidden-mobile elementor-widget elementor-widget-button\" data-id=\"93d46fa\" data-element_type=\"widget\" data-toggle-view=\"\" data-widget_type=\"button.default\">\n\t\t\t\t\t\t\t\t\t\t<a class=\"elementor-button elementor-button-link elementor-size-sm\" href=\"#\">\n\t\t\t\t\t\t<span class=\"elementor-button-content-wrapper\">\n\t\t\t\t\t\t<span class=\"elementor-button-icon\">\n\t\t\t\t<svg xmlns=\"http:\/\/www.w3.org\/2000\/svg\" width=\"24\" height=\"24\" viewBox=\"0 0 24 24\" fill=\"none\"><path d=\"M10 3H3V10H10V3Z\" stroke=\"#363231\" stroke-width=\"1.5\" stroke-linecap=\"round\" stroke-linejoin=\"round\"><\/path><path d=\"M21 3H14V10H21V3Z\" stroke=\"#363231\" stroke-width=\"1.5\" stroke-linecap=\"round\" stroke-linejoin=\"round\"><\/path><path d=\"M21 14H14V21H21V14Z\" stroke=\"#363231\" stroke-width=\"1.5\" stroke-linecap=\"round\" stroke-linejoin=\"round\"><\/path><path d=\"M10 14H3V21H10V14Z\" stroke=\"#363231\" stroke-width=\"1.5\" stroke-linecap=\"round\" stroke-linejoin=\"round\"><\/path><\/svg>\t\t\t<\/span>\n\t\t\t\t\t\t\t\t<\/span>\n\t\t\t\t\t<\/a>\n\t\t\t\t\t\t\t\t<\/div>\n\t\t<div class=\"elementor-element elementor-element-a5bdcc4 e-con-full e-flex e-con e-child\" data-id=\"a5bdcc4\" data-element_type=\"container\">\n\t\t\t\t<div class=\"elementor-element elementor-element-39fef7f elementor-align-center elementor-widget elementor-widget-button\" data-id=\"39fef7f\" data-element_type=\"widget\" data-widget_type=\"button.default\">\n\t\t\t\t\t\t\t\t\t\t<a class=\"elementor-button elementor-button-link elementor-size-sm\" href=\"#\" id=\"btn-ordem-favoritos\">\n\t\t\t\t\t\t<span class=\"elementor-button-content-wrapper\">\n\t\t\t\t\t\t<span class=\"elementor-button-icon\">\n\t\t\t\t<svg xmlns=\"http:\/\/www.w3.org\/2000\/svg\" width=\"24\" height=\"24\" viewBox=\"0 0 24 24\" fill=\"none\"><g clip-path=\"url(#clip0_551_8268)\"><path d=\"M7 3V21\" stroke=\"#363231\" stroke-width=\"1.5\" stroke-linecap=\"round\" stroke-linejoin=\"round\"><\/path><path d=\"M10 6L7 3L4 6\" stroke=\"#363231\" stroke-width=\"1.5\" stroke-linecap=\"round\" stroke-linejoin=\"round\"><\/path><path d=\"M20 18L17 21L14 18\" stroke=\"#363231\" stroke-width=\"1.5\" stroke-linecap=\"round\" stroke-linejoin=\"round\"><\/path><path d=\"M17 21V3\" stroke=\"#363231\" stroke-width=\"1.5\" stroke-linecap=\"round\" stroke-linejoin=\"round\"><\/path><\/g><defs><clipPath id=\"clip0_551_8268\"><rect width=\"24\" height=\"24\" fill=\"white\"><\/rect><\/clipPath><\/defs><\/svg>\t\t\t<\/span>\n\t\t\t\t\t\t\t\t<\/span>\n\t\t\t\t\t<\/a>\n\t\t\t\t\t\t\t\t<\/div>\n\t\t<div class=\"elementor-element elementor-element-36a2455 e-con-full e-transform e-flex e-con e-child\" data-id=\"36a2455\" data-element_type=\"container\" id=\"favoritos-ordem-div\" data-settings=\"{&quot;background_background&quot;:&quot;classic&quot;,&quot;position&quot;:&quot;absolute&quot;,&quot;_transform_translateX_effect_tablet&quot;:{&quot;unit&quot;:&quot;%&quot;,&quot;size&quot;:-86,&quot;sizes&quot;:[]},&quot;_transform_translateX_effect_mobile&quot;:{&quot;unit&quot;:&quot;%&quot;,&quot;size&quot;:-84,&quot;sizes&quot;:[]},&quot;_transform_translateX_effect&quot;:{&quot;unit&quot;:&quot;px&quot;,&quot;size&quot;:&quot;&quot;,&quot;sizes&quot;:[]},&quot;_transform_translateY_effect&quot;:{&quot;unit&quot;:&quot;px&quot;,&quot;size&quot;:&quot;&quot;,&quot;sizes&quot;:[]},&quot;_transform_translateY_effect_tablet&quot;:{&quot;unit&quot;:&quot;px&quot;,&quot;size&quot;:&quot;&quot;,&quot;sizes&quot;:[]},&quot;_transform_translateY_effect_mobile&quot;:{&quot;unit&quot;:&quot;px&quot;,&quot;size&quot;:&quot;&quot;,&quot;sizes&quot;:[]}}\">\n\t\t\t\t<div class=\"elementor-element elementor-element-7a200ae elementor-align-left elementor-widget elementor-widget-button\" data-id=\"7a200ae\" data-element_type=\"widget\" id=\"crescente-btn\" data-widget_type=\"button.default\">\n\t\t\t\t\t\t\t\t\t\t<a class=\"elementor-button elementor-button-link elementor-size-sm\" href=\"#\">\n\t\t\t\t\t\t<span class=\"elementor-button-content-wrapper\">\n\t\t\t\t\t\t\t\t\t<span class=\"elementor-button-text\">Ordem crescente<\/span>\n\t\t\t\t\t<\/span>\n\t\t\t\t\t<\/a>\n\t\t\t\t\t\t\t\t<\/div>\n\t\t\t\t<div class=\"elementor-element elementor-element-95afdfb elementor-widget elementor-widget-button\" data-id=\"95afdfb\" data-element_type=\"widget\" id=\"decrescente-btn\" data-widget_type=\"button.default\">\n\t\t\t\t\t\t\t\t\t\t<a class=\"elementor-button elementor-button-link elementor-size-sm\" href=\"#\">\n\t\t\t\t\t\t<span class=\"elementor-button-content-wrapper\">\n\t\t\t\t\t\t\t\t\t<span class=\"elementor-button-text\">Ordem decrescente<\/span>\n\t\t\t\t\t<\/span>\n\t\t\t\t\t<\/a>\n\t\t\t\t\t\t\t\t<\/div>\n\t\t\t\t<\/div>\n\t\t\t\t<\/div>\n\t\t\t\t<\/div>\n\t\t\t\t<\/div>\n\t\t\t\t\t<\/div>\n\t\t\t\t<\/div>\n\t\t<div class=\"elementor-element elementor-element-931a2c2 e-flex e-con-boxed e-con e-parent\" data-id=\"931a2c2\" data-element_type=\"container\">\n\t\t\t\t\t<div class=\"e-con-inner\">\n\t\t\t\t<div class=\"elementor-element elementor-element-3a7875c elementor-widget elementor-widget-template\" data-id=\"3a7875c\" data-element_type=\"widget\" id=\"side-info\" data-widget_type=\"template.default\">\n\t\t\t\t<div class=\"elementor-widget-container\">\n\t\t\t\t\t\t\t<div class=\"elementor-template\">\n\t\t\t\t\t<div data-elementor-type=\"single-post\" data-elementor-id=\"10468\" class=\"elementor elementor-10468\" data-elementor-post-type=\"elementor_library\">\n\t\t\t<div class=\"elementor-element elementor-element-db398e9 e-con-full elementor-hidden-mobile e-flex e-con e-child\" data-id=\"db398e9\" data-element_type=\"container\" id=\"side-info\" data-settings=\"{&quot;background_background&quot;:&quot;classic&quot;}\">\n\t\t<div class=\"elementor-element elementor-element-3c2f2a7 e-con-full e-flex e-con e-child\" data-id=\"3c2f2a7\" data-element_type=\"container\">\n\t\t<div class=\"elementor-element elementor-element-ae78149 e-con-full e-flex e-con e-child\" data-id=\"ae78149\" data-element_type=\"container\">\n\t\t\t\t<div class=\"elementor-element elementor-element-a880fc2 perfil-svg elementor-widget elementor-widget-image\" data-id=\"a880fc2\" data-element_type=\"widget\" id=\"perfil-img\" data-widget_type=\"image.default\">\n\t\t\t\t\t\t\t\t\t\t\t\t\t\t\t<img decoding=\"async\" width=\"17\" height=\"20\" src=\"https:\/\/staging.noomad.global\/maramores\/wp-content\/uploads\/2025\/09\/perfil-novo-cinza.svg\" class=\"attachment-large size-large wp-image-11698\" alt=\"\" \/>\t\t\t\t\t\t\t\t\t\t\t\t\t\t\t<\/div>\n\t\t\t\t<div class=\"elementor-element elementor-element-d59f268 favoritos-svg elementor-widget elementor-widget-image\" data-id=\"d59f268\" data-element_type=\"widget\" id=\"favoritos-img\" data-widget_type=\"image.default\">\n\t\t\t\t\t\t\t\t\t\t\t\t\t\t\t<img decoding=\"async\" width=\"20\" height=\"20\" src=\"https:\/\/staging.noomad.global\/maramores\/wp-content\/uploads\/2025\/09\/favorito-novo-cinza.svg\" class=\"attachment-large size-large wp-image-11765\" alt=\"\" \/>\t\t\t\t\t\t\t\t\t\t\t\t\t\t\t<\/div>\n\t\t\t\t<div class=\"elementor-element elementor-element-8b68c92 pesquisas-svg elementor-widget elementor-widget-image\" data-id=\"8b68c92\" data-element_type=\"widget\" id=\"pesquisas-img\" data-widget_type=\"image.default\">\n\t\t\t\t\t\t\t\t\t\t\t\t\t\t\t<img decoding=\"async\" width=\"20\" height=\"20\" src=\"https:\/\/staging.noomad.global\/maramores\/wp-content\/uploads\/2025\/09\/pesquisa-novo-cinza.svg\" class=\"attachment-large size-large wp-image-11766\" alt=\"\" \/>\t\t\t\t\t\t\t\t\t\t\t\t\t\t\t<\/div>\n\t\t\t\t<\/div>\n\t\t\t\t<div class=\"elementor-element elementor-element-a69e89c elementor-nav-menu--dropdown-none elementor-widget__width-initial elementor-widget elementor-widget-nav-menu\" data-id=\"a69e89c\" data-element_type=\"widget\" data-settings=\"{&quot;layout&quot;:&quot;vertical&quot;,&quot;submenu_icon&quot;:{&quot;value&quot;:&quot;&lt;svg aria-hidden=\\&quot;true\\&quot; class=\\&quot;e-font-icon-svg e-fas-caret-down\\&quot; viewBox=\\&quot;0 0 320 512\\&quot; xmlns=\\&quot;http:\\\/\\\/www.w3.org\\\/2000\\\/svg\\&quot;&gt;&lt;path d=\\&quot;M31.3 192h257.3c17.8 0 26.7 21.5 14.1 34.1L174.1 354.8c-7.8 7.8-20.5 7.8-28.3 0L17.2 226.1C4.6 213.5 13.5 192 31.3 192z\\&quot;&gt;&lt;\\\/path&gt;&lt;\\\/svg&gt;&quot;,&quot;library&quot;:&quot;fa-solid&quot;}}\" data-widget_type=\"nav-menu.default\">\n\t\t\t\t\t\t\t\t<nav aria-label=\"Menu\" class=\"elementor-nav-menu--main elementor-nav-menu__container elementor-nav-menu--layout-vertical e--pointer-underline e--animation-fade\">\n\t\t\t\t<ul id=\"menu-1-a69e89c\" class=\"elementor-nav-menu sm-vertical\"><li class=\"menu-perfil menu-item menu-item-type-post_type menu-item-object-page menu-item-3264\"><a href=\"https:\/\/staging.noomad.global\/maramores\/perfil\/\" class=\"elementor-item\">Meu Perfil<\/a><\/li>\n<li class=\"menu-favoritos menu-item menu-item-type-post_type menu-item-object-page menu-item-3265\"><a href=\"https:\/\/staging.noomad.global\/maramores\/favoritos\/\" class=\"elementor-item\">Favoritos<\/a><\/li>\n<li class=\"menu-pesquisas menu-item menu-item-type-post_type menu-item-object-page menu-item-3263\"><a href=\"https:\/\/staging.noomad.global\/maramores\/pesquisas\/\" class=\"elementor-item\">Pesquisas<\/a><\/li>\n<\/ul>\t\t\t<\/nav>\n\t\t\t\t\t\t<nav class=\"elementor-nav-menu--dropdown elementor-nav-menu__container\" aria-hidden=\"true\">\n\t\t\t\t<ul id=\"menu-2-a69e89c\" class=\"elementor-nav-menu sm-vertical\"><li class=\"menu-perfil menu-item menu-item-type-post_type menu-item-object-page menu-item-3264\"><a href=\"https:\/\/staging.noomad.global\/maramores\/perfil\/\" class=\"elementor-item\" tabindex=\"-1\">Meu Perfil<\/a><\/li>\n<li class=\"menu-favoritos menu-item menu-item-type-post_type menu-item-object-page menu-item-3265\"><a href=\"https:\/\/staging.noomad.global\/maramores\/favoritos\/\" class=\"elementor-item\" tabindex=\"-1\">Favoritos<\/a><\/li>\n<li class=\"menu-pesquisas menu-item menu-item-type-post_type menu-item-object-page menu-item-3263\"><a href=\"https:\/\/staging.noomad.global\/maramores\/pesquisas\/\" class=\"elementor-item\" tabindex=\"-1\">Pesquisas<\/a><\/li>\n<\/ul>\t\t\t<\/nav>\n\t\t\t\t\t\t<\/div>\n\t\t\t\t<\/div>\n\t\t\t\t<div class=\"elementor-element elementor-element-2ebc0a0 elementor-widget-divider--view-line elementor-widget elementor-widget-divider\" data-id=\"2ebc0a0\" data-element_type=\"widget\" data-widget_type=\"divider.default\">\n\t\t\t\t\t\t\t<div class=\"elementor-divider\">\n\t\t\t<span class=\"elementor-divider-separator\">\n\t\t\t\t\t\t<\/span>\n\t\t<\/div>\n\t\t\t\t\t\t<\/div>\n\t\t\t\t<div class=\"elementor-element elementor-element-b486da7 elementor-widget__width-initial elementor-align-left elementor-widget elementor-widget-button\" data-id=\"b486da7\" data-element_type=\"widget\" data-widget_type=\"button.default\">\n\t\t\t\t\t\t\t\t\t\t<a class=\"elementor-button elementor-size-sm\" role=\"button\" id=\"sair-btn\">\n\t\t\t\t\t\t<span class=\"elementor-button-content-wrapper\">\n\t\t\t\t\t\t\t\t\t<span class=\"elementor-button-text\">Sair<\/span>\n\t\t\t\t\t<\/span>\n\t\t\t\t\t<\/a>\n\t\t\t\t\t\t\t\t<\/div>\n\t\t\t\t<\/div>\n\t\t\t\t<\/div>\n\t\t\t\t<\/div>\n\t\t\t\t\t\t<\/div>\n\t\t\t\t<\/div>\n\t\t<div class=\"elementor-element elementor-element-b84044d e-con-full toggle-list-grid e-flex e-con e-child\" data-id=\"b84044d\" data-element_type=\"container\" id=\"favoritos-container\">\n\t\t\t\t<div class=\"elementor-element elementor-element-379eedd elementor-grid-2 elementor-grid-tablet-2 elementor-widget__width-initial elementor-hidden-desktop elementor-hidden-tablet card-imovel-vertical elementor-grid-mobile-1 elementor-widget elementor-widget-loop-grid\" data-id=\"379eedd\" data-element_type=\"widget\" data-settings=\"{&quot;template_id&quot;:&quot;14084&quot;,&quot;columns&quot;:2,&quot;row_gap&quot;:{&quot;unit&quot;:&quot;px&quot;,&quot;size&quot;:22,&quot;sizes&quot;:[]},&quot;columns_tablet&quot;:2,&quot;pagination_type&quot;:&quot;load_more_infinite_scroll&quot;,&quot;_skin&quot;:&quot;post&quot;,&quot;columns_mobile&quot;:&quot;1&quot;,&quot;edit_handle_selector&quot;:&quot;[data-elementor-type=\\&quot;loop-item\\&quot;]&quot;,&quot;load_more_spinner&quot;:{&quot;value&quot;:&quot;fas fa-spinner&quot;,&quot;library&quot;:&quot;fa-solid&quot;},&quot;row_gap_tablet&quot;:{&quot;unit&quot;:&quot;px&quot;,&quot;size&quot;:&quot;&quot;,&quot;sizes&quot;:[]},&quot;row_gap_mobile&quot;:{&quot;unit&quot;:&quot;px&quot;,&quot;size&quot;:&quot;&quot;,&quot;sizes&quot;:[]}}\" data-widget_type=\"loop-grid.post\">\n\t\t\t\t<div class=\"elementor-widget-container\">\n\t\t\t\t\t\t\t<div class=\"e-loop-nothing-found-message\">\n\t\t\t\t\t<div class=\"e-loop-nothing-found-message__text\">\n\t\t\t\tVoc\u00ea ainda n\u00e3o salvou nenhum im\u00f3vel.\t\t\t<\/div>\n\t\t\t<\/div>\n\t\t\t\t\t\t<\/div>\n\t\t\t\t<\/div>\n\t\t\t\t<div class=\"elementor-element elementor-element-03a2611 elementor-grid-1 elementor-grid-tablet-1 card-imovel-horizontal elementor-hidden-mobile elementor-widget__width-initial elementor-grid-mobile-1 elementor-widget elementor-widget-loop-grid\" data-id=\"03a2611\" data-element_type=\"widget\" id=\"listaHorizontal\" data-settings=\"{&quot;template_id&quot;:&quot;14078&quot;,&quot;columns&quot;:1,&quot;columns_tablet&quot;:1,&quot;row_gap&quot;:{&quot;unit&quot;:&quot;px&quot;,&quot;size&quot;:22,&quot;sizes&quot;:[]},&quot;pagination_type&quot;:&quot;load_more_infinite_scroll&quot;,&quot;_skin&quot;:&quot;post&quot;,&quot;columns_mobile&quot;:&quot;1&quot;,&quot;edit_handle_selector&quot;:&quot;[data-elementor-type=\\&quot;loop-item\\&quot;]&quot;,&quot;load_more_spinner&quot;:{&quot;value&quot;:&quot;fas fa-spinner&quot;,&quot;library&quot;:&quot;fa-solid&quot;},&quot;row_gap_tablet&quot;:{&quot;unit&quot;:&quot;px&quot;,&quot;size&quot;:&quot;&quot;,&quot;sizes&quot;:[]},&quot;row_gap_mobile&quot;:{&quot;unit&quot;:&quot;px&quot;,&quot;size&quot;:&quot;&quot;,&quot;sizes&quot;:[]}}\" data-widget_type=\"loop-grid.post\">\n\t\t\t\t<div class=\"elementor-widget-container\">\n\t\t\t\t\t\t\t<div class=\"e-loop-nothing-found-message\">\n\t\t\t\t\t<div class=\"e-loop-nothing-found-message__text\">\n\t\t\t\tVoc\u00ea ainda n\u00e3o salvou nenhum im\u00f3vel.\t\t\t<\/div>\n\t\t\t<\/div>\n\t\t\t\t\t\t<\/div>\n\t\t\t\t<\/div>\n\t\t\t\t<div class=\"elementor-element elementor-element-c9479ce elementor-hidden-desktop elementor-hidden-tablet elementor-hidden-mobile elementor-widget elementor-widget-text-editor\" data-id=\"c9479ce\" data-element_type=\"widget\" id=\"1no-favoritos-msg\" data-widget_type=\"text-editor.default\">\n\t\t\t\t\t\t\t\t\t<p>Voc\u00ea ainda n\u00e3o salvou nenhum im\u00f3vel.<\/p>\t\t\t\t\t\t\t\t<\/div>\n\t\t\t\t<\/div>\n\t\t\t\t\t<\/div>\n\t\t\t\t<\/div>\n\t\t\t\t<\/div>\n\t\t","protected":false},"excerpt":{"rendered":"<p>Favoritos Ordem crescente Ordem decrescente Voc\u00ea ainda n\u00e3o salvou nenhum im\u00f3vel.<\/p>\n","protected":false},"author":2,"featured_media":0,"parent":0,"menu_order":0,"comment_status":"closed","ping_status":"closed","template":"","meta":{"_acf_changed":false,"_joinchat":[],"footnotes":""},"class_list":["post-3180","page","type-page","status-publish","hentry"],"acf":[],"_links":{"self":[{"href":"https:\/\/staging.noomad.global\/maramores\/wp-json\/wp\/v2\/pages\/3180","targetHints":{"allow":["GET"]}}],"collection":[{"href":"https:\/\/staging.noomad.global\/maramores\/wp-json\/wp\/v2\/pages"}],"about":[{"href":"https:\/\/staging.noomad.global\/maramores\/wp-json\/wp\/v2\/types\/page"}],"author":[{"embeddable":true,"href":"https:\/\/staging.noomad.global\/maramores\/wp-json\/wp\/v2\/users\/2"}],"replies":[{"embeddable":true,"href":"https:\/\/staging.noomad.global\/maramores\/wp-json\/wp\/v2\/comments?post=3180"}],"version-history":[{"count":0,"href":"https:\/\/staging.noomad.global\/maramores\/wp-json\/wp\/v2\/pages\/3180\/revisions"}],"wp:attachment":[{"href":"https:\/\/staging.noomad.global\/maramores\/wp-json\/wp\/v2\/media?parent=3180"}],"curies":[{"name":"wp","href":"https:\/\/api.w.org\/{rel}","templated":true}]}}